{"id":16,"date":"2015-04-16T10:11:57","date_gmt":"2015-04-16T09:11:57","guid":{"rendered":"https:\/\/www.stravigo.be\/?page_id=16"},"modified":"2019-05-31T10:40:17","modified_gmt":"2019-05-31T08:40:17","slug":"what","status":"publish","type":"page","link":"https:\/\/www.stravigo.be\/fr\/sineks-schema\/what\/","title":{"rendered":"What"},"content":{"rendered":"<p style=\"text-align: center;\"><em style=\"color: #4abfdc; font-family: Raleway, sans-serif; font-size: 24px; font-weight: bold;\"><strong>\u00ab\u00a0<em>Stravigo accompagne les organisations, les \u00e9quipes et les particuliers \u00e0 aligner ce qu\u2019ils pensent, ressentent et souhaitent, pour plus de sens et d\u2019impact.\u00a0\u00bb<\/em><\/strong><\/em><\/p>\n<p style=\"text-align: center;\"><span style=\"color: #ff6699;\"><strong>Nos domaines d&rsquo;expertise\u00a0:<\/strong><\/span><\/p>\n\t\t\t\t\t\t<style>\r\n\t\t\t\t\t#wpsm_accordion_625 .wpsm_panel-heading{\r\npadding:0px !important;\r\n}\r\n#wpsm_accordion_625 .wpsm_panel-title {\r\nmargin:0px !important; \r\ntext-transform:none !important;\r\nline-height: 1 !important;\r\n}\r\n#wpsm_accordion_625 .wpsm_panel-title a{\r\ntext-decoration:none;\r\n\r\ndisplay:block;\r\npadding:0px;\r\nfont-size: 14px !important;\r\nfont-family: Helvetica !important;\r\nborder-bottom:0px !important;\r\n\r\n}\r\n#wpsm_accordion_625 .wpsm_panel-title a, #wpsm_accordion_625 .wpsm_panel-title a:hover, #wpsm_accordion_625 .wpsm_panel-title a:focus {\r\n\tcolor:#3d3d3d !important;\r\n\ttext-transform:none !important;\r\n}\r\n#wpsm_accordion_625 .acc-a{\r\n\tcolor: #3d3d3d !important;\r\n\tbackground-color:#efefef !important;\r\n\tborder-color: #ddd;\r\n}\r\n#wpsm_accordion_625 .wpsm_panel-default > .wpsm_panel-heading{\r\n\tcolor: #3d3d3d !important;\r\n\tbackground-color: #efefef !important;\r\n\tborder-color: #efefef !important;\r\n\tborder-top-left-radius: 0px;\r\n\tborder-top-right-radius: 0px;\r\n}\r\n#wpsm_accordion_625 .wpsm_panel-default {\r\n\t\r\n\tborder:1px solid transparent !important;\r\n\r\n\t}\r\n#wpsm_accordion_625 {\r\n\tmargin-bottom: 20px;\r\n\toverflow: hidden;\r\n\tfloat: none;\r\n\twidth: 100%;\r\n\tdisplay: block;\r\n}\r\n#wpsm_accordion_625 .ac_title_class{\r\n\tdisplay: block;\r\n\tpadding-top: 12px;\r\n\tpadding-bottom: 12px;\r\n\tpadding-left: 15px;\r\n\tpadding-right: 15px;\r\n\tborder: 1px solid #ddd;\r\n\t\r\n\r\n}\r\n#wpsm_accordion_625  .wpsm_panel {\r\n\toverflow:hidden;\r\n\t-webkit-box-shadow: 0 0px 0px rgba(0, 0, 0, .05);\r\n\tbox-shadow: 0 0px 0px rgba(0, 0, 0, .05);\r\n\t\t\tborder-radius: 0px;\r\n\t}\r\n#wpsm_accordion_625  .wpsm_panel + .wpsm_panel {\r\n\t\tmargin-top: 5px;\r\n\t}\r\n#wpsm_accordion_625  .wpsm_panel-body{\r\nbackground-color:#ffffff !important;\r\ncolor:#000000 !important;\r\nborder-top-color: #efefef !important;\r\nfont-size:12px !important;\r\nfont-family: Helvetica !important;\r\noverflow: hidden;\r\n\r\nborder: 1px solid #ddd !important;\r\n\r\nborder-top:0px !important;\r\n}\r\n\r\n#wpsm_accordion_625 .ac_open_cl_icon{\r\n\tbackground-color:#ff3a3a;\r\n\tcolor: #ffffff;\r\n\tfloat:left; \r\n\tpadding-top: 12px;\r\n\tpadding-bottom: 12px;\r\n\tline-height: 1.0;\r\n\tmargin-left:-44px;\r\n\ttext-align: center !important;\r\n\twidth:45px !important;\r\n\tdisplay: inline-block;\r\n\tborder: 1px solid #ddd;\r\n\t\tborder-right: 1px solid transparent;\r\n\t\t}\r\n\r\n\t\t\t\r\n\t\t\t\t\r\n\t\t\t\t\t\r\n\t\t\t<\/style>\r\n\t\t\t<div class=\"wpsm_panel-group\" id=\"wpsm_accordion_625\" >\r\n\t\t\t\t\r\n\t\t\t\t\t\t\r\n\t\t\t\t  <!-- Inner panel Start -->\r\n\t\t\t\t  <div class=\"wpsm_panel wpsm_panel-default\">\r\n\t\t\t\t\t<div class=\"wpsm_panel-heading\" role=\"tab\" >\r\n\t\t\t\t\t  <h4 class=\"wpsm_panel-title\">\r\n\t\t\t\t\t\t<a  class=\"\"  data-toggle=\"collapse\" data-parent=\"#wpsm_accordion_625 \" href=\"#ac_625_collapse1\"  >\r\n\t\t\t\t\t\t\t \r\n\t\t\t\t\t\t\t<span class=\"ac_title_class\">\r\n\t\t\t\t\t\t\t\t\t\t\t\t\t\t\t\t\t\t<span style=\"margin-right:6px;\" class=\"fa fa-angle-down\"><\/span>\r\n\t\t\t\t\t\t\t\tBien-\u00eatre au travail\t\t\t\t\t\t\t<\/span>\r\n\t\t\t\t\t\t<\/a>\r\n\t\t\t\t\t  <\/h4>\r\n\t\t\t\t\t<\/div>\r\n\t\t\t\t\t<div id=\"ac_625_collapse1\" class=\"wpsm_panel-collapse collapse_625 collapse \"  >\r\n\t\t\t\t\t  <div class=\"wpsm_panel-body\">\r\n\t\t\t\t\t\t<ul>\r\n \t<li style=\"text-align: left;\">Structures organisationnelles visant le bien-\u00eatre au travail<\/li>\r\n \t<li style=\"text-align: left;\">Pr\u00e9vention du stress et burn-out<\/li>\r\n<\/ul>\t\t\t\t\t  <\/div>\r\n\t\t\t\t\t<\/div>\r\n\t\t\t\t  <\/div>\r\n\t\t\t\t   <!-- Inner panel End -->\r\n\t\t\t\t\r\n\t\t\t\t\t\t\r\n\t\t\t\t  <!-- Inner panel Start -->\r\n\t\t\t\t  <div class=\"wpsm_panel wpsm_panel-default\">\r\n\t\t\t\t\t<div class=\"wpsm_panel-heading\" role=\"tab\" >\r\n\t\t\t\t\t  <h4 class=\"wpsm_panel-title\">\r\n\t\t\t\t\t\t<a  class=\"collapsed\"  data-toggle=\"collapse\" data-parent=\"#wpsm_accordion_625 \" href=\"#ac_625_collapse2\"  >\r\n\t\t\t\t\t\t\t \r\n\t\t\t\t\t\t\t<span class=\"ac_title_class\">\r\n\t\t\t\t\t\t\t\t\t\t\t\t\t\t\t\t\t\t<span style=\"margin-right:6px;\" class=\"fa fa-angle-down\"><\/span>\r\n\t\t\t\t\t\t\t\tCollaboration et Communication\t\t\t\t\t\t\t<\/span>\r\n\t\t\t\t\t\t<\/a>\r\n\t\t\t\t\t  <\/h4>\r\n\t\t\t\t\t<\/div>\r\n\t\t\t\t\t<div id=\"ac_625_collapse2\" class=\"wpsm_panel-collapse collapse_625 collapse \"  >\r\n\t\t\t\t\t  <div class=\"wpsm_panel-body\">\r\n\t\t\t\t\t\t<ul>\r\n \t<li style=\"text-align: left;\">Equipes autog\u00e9r\u00e9es<\/li>\r\n \t<li style=\"text-align: left;\">Feedback et communication constructive<\/li>\r\n \t<li style=\"text-align: left;\">R\u00e9unions efficaces et co-cr\u00e9atives<\/li>\r\n \t<li style=\"text-align: left;\">Equipes performantes<\/li>\r\n \t<li style=\"text-align: left;\">Prise de responsabilit\u00e9<\/li>\r\n \t<li style=\"text-align: left;\">Assertivit\u00e9<\/li>\r\n<\/ul>\t\t\t\t\t  <\/div>\r\n\t\t\t\t\t<\/div>\r\n\t\t\t\t  <\/div>\r\n\t\t\t\t   <!-- Inner panel End -->\r\n\t\t\t\t\r\n\t\t\t\t\t\t\r\n\t\t\t\t  <!-- Inner panel Start -->\r\n\t\t\t\t  <div class=\"wpsm_panel wpsm_panel-default\">\r\n\t\t\t\t\t<div class=\"wpsm_panel-heading\" role=\"tab\" >\r\n\t\t\t\t\t  <h4 class=\"wpsm_panel-title\">\r\n\t\t\t\t\t\t<a  class=\"collapsed\"  data-toggle=\"collapse\" data-parent=\"#wpsm_accordion_625 \" href=\"#ac_625_collapse3\"  >\r\n\t\t\t\t\t\t\t \r\n\t\t\t\t\t\t\t<span class=\"ac_title_class\">\r\n\t\t\t\t\t\t\t\t\t\t\t\t\t\t\t\t\t\t<span style=\"margin-right:6px;\" class=\"fa fa-angle-down\"><\/span>\r\n\t\t\t\t\t\t\t\tLeadership\t\t\t\t\t\t\t<\/span>\r\n\t\t\t\t\t\t<\/a>\r\n\t\t\t\t\t  <\/h4>\r\n\t\t\t\t\t<\/div>\r\n\t\t\t\t\t<div id=\"ac_625_collapse3\" class=\"wpsm_panel-collapse collapse_625 collapse \"  >\r\n\t\t\t\t\t  <div class=\"wpsm_panel-body\">\r\n\t\t\t\t\t\t<ul>\r\n \t<li style=\"text-align: left;\">Self-leadership<\/li>\r\n \t<li style=\"text-align: left;\">Leadership participatif<\/li>\r\n \t<li style=\"text-align: left;\">Coacher plut\u00f4t que jeu de pouvoir<\/li>\r\n \t<li style=\"text-align: left;\">Etre leader plut\u00f4t qu\u2019exercer un r\u00f4le ou pouvoir (mandat)<\/li>\r\n \t<li style=\"text-align: left;\">Motivation<\/li>\r\n<\/ul>\t\t\t\t\t  <\/div>\r\n\t\t\t\t\t<\/div>\r\n\t\t\t\t  <\/div>\r\n\t\t\t\t   <!-- Inner panel End -->\r\n\t\t\t\t\r\n\t\t\t\t\t\t\r\n\t\t\t\t  <!-- Inner panel Start -->\r\n\t\t\t\t  <div class=\"wpsm_panel wpsm_panel-default\">\r\n\t\t\t\t\t<div class=\"wpsm_panel-heading\" role=\"tab\" >\r\n\t\t\t\t\t  <h4 class=\"wpsm_panel-title\">\r\n\t\t\t\t\t\t<a  class=\"collapsed\"  data-toggle=\"collapse\" data-parent=\"#wpsm_accordion_625 \" href=\"#ac_625_collapse4\"  >\r\n\t\t\t\t\t\t\t \r\n\t\t\t\t\t\t\t<span class=\"ac_title_class\">\r\n\t\t\t\t\t\t\t\t\t\t\t\t\t\t\t\t\t\t<span style=\"margin-right:6px;\" class=\"fa fa-angle-down\"><\/span>\r\n\t\t\t\t\t\t\t\tConflits & M\u00e9diation\t\t\t\t\t\t\t<\/span>\r\n\t\t\t\t\t\t<\/a>\r\n\t\t\t\t\t  <\/h4>\r\n\t\t\t\t\t<\/div>\r\n\t\t\t\t\t<div id=\"ac_625_collapse4\" class=\"wpsm_panel-collapse collapse_625 collapse \"  >\r\n\t\t\t\t\t  <div class=\"wpsm_panel-body\">\r\n\t\t\t\t\t\t<ul>\r\n \t<li style=\"text-align: left;\">(R)\u00e9tablir la confiance et les liens entre les membres d\u2019une \u00e9quipe<\/li>\r\n \t<li style=\"text-align: left;\">D\u00e9velopper la capacit\u00e9 \u00e0 g\u00e9rer les conflits et communiquer de mani\u00e8re respectueuse<\/li>\r\n \t<li style=\"text-align: left;\">Faire face \u00e0 l\u2019agressivit\u00e9 verbale<\/li>\r\n \t<li style=\"text-align: left;\">Respect de soi et de l\u2019autre<\/li>\r\n \t<li style=\"text-align: left;\">M\u00e9diation<\/ul>\r\n\t\t\t\t\t  <\/div>\r\n\t\t\t\t\t<\/div>\r\n\t\t\t\t  <\/div>\r\n\t\t\t\t   <!-- Inner panel End -->\r\n\t\t\t\t\r\n\t\t\t\t\t\t\r\n\t\t\t\t  <!-- Inner panel Start -->\r\n\t\t\t\t  <div class=\"wpsm_panel wpsm_panel-default\">\r\n\t\t\t\t\t<div class=\"wpsm_panel-heading\" role=\"tab\" >\r\n\t\t\t\t\t  <h4 class=\"wpsm_panel-title\">\r\n\t\t\t\t\t\t<a  class=\"collapsed\"  data-toggle=\"collapse\" data-parent=\"#wpsm_accordion_625 \" href=\"#ac_625_collapse5\"  >\r\n\t\t\t\t\t\t\t \r\n\t\t\t\t\t\t\t<span class=\"ac_title_class\">\r\n\t\t\t\t\t\t\t\t\t\t\t\t\t\t\t\t\t\t<span style=\"margin-right:6px;\" class=\"fa fa-angle-down\"><\/span>\r\n\t\t\t\t\t\t\t\tTransition & Changement\t\t\t\t\t\t\t<\/span>\r\n\t\t\t\t\t\t<\/a>\r\n\t\t\t\t\t  <\/h4>\r\n\t\t\t\t\t<\/div>\r\n\t\t\t\t\t<div id=\"ac_625_collapse5\" class=\"wpsm_panel-collapse collapse_625 collapse \"  >\r\n\t\t\t\t\t  <div class=\"wpsm_panel-body\">\r\n\t\t\t\t\t\t<ul>\r\n \t<li style=\"text-align: left;\">Entreprises lib\u00e9r\u00e9es<\/li>\r\n \t<li style=\"text-align: left;\">D\u00e9velopper un projet commun (vision \u2013 mission \u2013 valeurs)<\/li>\r\n \t<li style=\"text-align: left;\">D\u00e9velopper une culture d\u2019entreprise pour plus d\u2019agilit\u00e9<\/li>\r\n \t<li style=\"text-align: left;\">Gestion de la r\u00e9sistance au changement<\/li>\r\n \t<li style=\"text-align: left;\">Accompagnement de transition<\/li>\r\n \t<li style=\"text-align: left;\">D\u00e9velopper la capacit\u00e9 de r\u00e9silience<\/li>\r\n<\/ul>\t\t\t\t\t  <\/div>\r\n\t\t\t\t\t<\/div>\r\n\t\t\t\t  <\/div>\r\n\t\t\t\t   <!-- Inner panel End -->\r\n\t\t\t\t\r\n\t\t\t\t\t\t\r\n\t\t\t\t  <!-- Inner panel Start -->\r\n\t\t\t\t  <div class=\"wpsm_panel wpsm_panel-default\">\r\n\t\t\t\t\t<div class=\"wpsm_panel-heading\" role=\"tab\" >\r\n\t\t\t\t\t  <h4 class=\"wpsm_panel-title\">\r\n\t\t\t\t\t\t<a  class=\"collapsed\"  data-toggle=\"collapse\" data-parent=\"#wpsm_accordion_625 \" href=\"#ac_625_collapse6\"  >\r\n\t\t\t\t\t\t\t \r\n\t\t\t\t\t\t\t<span class=\"ac_title_class\">\r\n\t\t\t\t\t\t\t\t\t\t\t\t\t\t\t\t\t\t<span style=\"margin-right:6px;\" class=\"fa fa-angle-down\"><\/span>\r\n\t\t\t\t\t\t\t\tCarri\u00e8re et d\u00e9veloppement de talents\t\t\t\t\t\t\t<\/span>\r\n\t\t\t\t\t\t<\/a>\r\n\t\t\t\t\t  <\/h4>\r\n\t\t\t\t\t<\/div>\r\n\t\t\t\t\t<div id=\"ac_625_collapse6\" class=\"wpsm_panel-collapse collapse_625 collapse \"  >\r\n\t\t\t\t\t  <div class=\"wpsm_panel-body\">\r\n\t\t\t\t\t\t<ul>\r\n \t<li style=\"text-align: left;\">Coaching de carri\u00e8re <\/li>\r\n \t<li style=\"text-align: left;\">D\u00e9velopper une approche talents au sein de l\u2019organisation<\/li>\r\n \t<li style=\"text-align: left;\">D\u00e9couvrir et faire grandir les talents<\/li>\r\n \t<li style=\"text-align: left;\">Acc\u00e9der \u00e0 l\u2019intelligence du c\u0153ur et du corps pour transformer la pens\u00e9e<\/li>\r\n<\/ul>\t\t\t\t\t  <\/div>\r\n\t\t\t\t\t<\/div>\r\n\t\t\t\t  <\/div>\r\n\t\t\t\t   <!-- Inner panel End -->\r\n\t\t\t\t\r\n\t\t\t\t\t\t\r\n\t\t\t\t  <!-- Inner panel Start -->\r\n\t\t\t\t  <div class=\"wpsm_panel wpsm_panel-default\">\r\n\t\t\t\t\t<div class=\"wpsm_panel-heading\" role=\"tab\" >\r\n\t\t\t\t\t  <h4 class=\"wpsm_panel-title\">\r\n\t\t\t\t\t\t<a  class=\"collapsed\"  data-toggle=\"collapse\" data-parent=\"#wpsm_accordion_625 \" href=\"#ac_625_collapse7\"  >\r\n\t\t\t\t\t\t\t \r\n\t\t\t\t\t\t\t<span class=\"ac_title_class\">\r\n\t\t\t\t\t\t\t\t\t\t\t\t\t\t\t\t\t\t<span style=\"margin-right:6px;\" class=\"fa fa-angle-down\"><\/span>\r\n\t\t\t\t\t\t\t\tCoaching de vie\t\t\t\t\t\t\t<\/span>\r\n\t\t\t\t\t\t<\/a>\r\n\t\t\t\t\t  <\/h4>\r\n\t\t\t\t\t<\/div>\r\n\t\t\t\t\t<div id=\"ac_625_collapse7\" class=\"wpsm_panel-collapse collapse_625 collapse \"  >\r\n\t\t\t\t\t  <div class=\"wpsm_panel-body\">\r\n\t\t\t\t\t\t<ul>\r\n \t<li style=\"text-align: left;\">D\u00e9couverte de soi (ombres et lumi\u00e8res) et alignement\r\n<li style=\"text-align: left;\">Devenir acteur de sa vie<\/li>\r\n \t<li style=\"text-align: left;\">Travail sur les croyances et l\u2019identit\u00e9<\/li>\r\n \t<li style=\"text-align: left;\">Apprendre \u00e0 \u00e9couter son c\u0153ur et oser suivre son intuition<\/li>\r\n \t<li style=\"text-align: left;\">Gestion des \u00e9motions et du stress<\/li>\r\n<\/ul>\t\t\t\t\t  <\/div>\r\n\t\t\t\t\t<\/div>\r\n\t\t\t\t  <\/div>\r\n\t\t\t\t   <!-- Inner panel End -->\r\n\t\t\t\t\r\n\t\t\t\t\t\t<\/div>\r\n\t\t\t\t<script>\r\n\tjQuery(document).ready(function() {\r\n\t\t\r\n\t\t\tjQuery('.collapse_625').on('shown.bs.collapse', function(){jQuery(this).parent().find(\".fa-chevron-right\").removeClass(\"fa-chevron-down\").addClass(\"fa-chevron-down\"); jQuery(this).parent().find(\".wpsm_panel-heading\").addClass(\"acc-a\"); }).on('hidden.bs.collapse', function(){jQuery(this).parent().find(\".fa-chevron-down\").removeClass(\"fa-chevron-down\").addClass(\"fa-chevron-right\"); jQuery(this).parent().find(\".wpsm_panel-heading\").removeClass(\"acc-a\");});\r\n\t\t\r\n\t\t});\r\n\t<\/script>\r\n\t\t\n<p><img loading=\"lazy\" decoding=\"async\" class=\"alignnone size-medium wp-image-590 aligncenter\" src=\"https:\/\/www.stravigo.be\/wp-content\/uploads\/2016\/09\/Screen-Shot-2016-09-25-at-18.39.25-300x291.png\" alt=\"\" width=\"300\" height=\"291\" srcset=\"https:\/\/www.stravigo.be\/wp-content\/uploads\/2016\/09\/Screen-Shot-2016-09-25-at-18.39.25-300x291.png 300w, https:\/\/www.stravigo.be\/wp-content\/uploads\/2016\/09\/Screen-Shot-2016-09-25-at-18.39.25-16x16.png 16w, https:\/\/www.stravigo.be\/wp-content\/uploads\/2016\/09\/Screen-Shot-2016-09-25-at-18.39.25.png 758w\" sizes=\"auto, (max-width: 300px) 100vw, 300px\" \/><\/p>\n<p><!--more--><\/p>\n<p><a href=\"https:\/\/www.stravigo.be\/wp-content\/uploads\/2019\/05\/L1100836.jpg\"><img loading=\"lazy\" decoding=\"async\" class=\"size-medium wp-image-1034 aligncenter\" src=\"https:\/\/www.stravigo.be\/wp-content\/uploads\/2019\/05\/L1100836-300x201.jpg\" alt=\"\" width=\"300\" height=\"201\" srcset=\"https:\/\/www.stravigo.be\/wp-content\/uploads\/2019\/05\/L1100836-300x201.jpg 300w, https:\/\/www.stravigo.be\/wp-content\/uploads\/2019\/05\/L1100836-768x514.jpg 768w, https:\/\/www.stravigo.be\/wp-content\/uploads\/2019\/05\/L1100836-1024x685.jpg 1024w, https:\/\/www.stravigo.be\/wp-content\/uploads\/2019\/05\/L1100836.jpg 1280w\" sizes=\"auto, (max-width: 300px) 100vw, 300px\" \/><\/a><!--more--><\/p>\n<p>&nbsp;<\/p>\n","protected":false},"excerpt":{"rendered":"<p>\u00ab\u00a0Stravigo accompagne les organisations, les \u00e9quipes et les particuliers \u00e0 aligner ce qu\u2019ils pensent, ressentent et souhaitent, pour plus de&nbsp;&hellip;<\/p>\n","protected":false},"author":1,"featured_media":0,"parent":243,"menu_order":28,"comment_status":"closed","ping_status":"closed","template":"my_templates\/schema_sinek.php","meta":{"_acf_changed":false,"footnotes":""},"class_list":["post-16","page","type-page","status-publish","hentry"],"acf":[],"yoast_head":"<!-- This site is optimized with the Yoast SEO plugin v27.5 - https:\/\/yoast.com\/product\/yoast-seo-wordpress\/ -->\n<title>What - Stravigo<\/title>\n<meta name=\"description\" content=\"Stravigo accompagne les organisations, les \u00e9quipes et les particuliers \u00e0 aligner ce qu\u2019ils pensent, ressentent et souhaitent, pour plus de sens et d\u2019impact.\" \/>\n<meta name=\"robots\" content=\"index, follow, max-snippet:-1, max-image-preview:large, max-video-preview:-1\" \/>\n<link rel=\"canonical\" href=\"https:\/\/www.stravigo.be\/fr\/sineks-schema\/what\/\" \/>\n<meta property=\"og:locale\" content=\"fr_FR\" \/>\n<meta property=\"og:type\" content=\"article\" \/>\n<meta property=\"og:title\" content=\"What - Stravigo\" \/>\n<meta property=\"og:description\" content=\"Stravigo accompagne les organisations, les \u00e9quipes et les particuliers \u00e0 aligner ce qu\u2019ils pensent, ressentent et souhaitent, pour plus de sens et d\u2019impact.\" \/>\n<meta property=\"og:url\" content=\"https:\/\/www.stravigo.be\/fr\/sineks-schema\/what\/\" \/>\n<meta property=\"og:site_name\" content=\"Stravigo\" \/>\n<meta property=\"article:modified_time\" content=\"2019-05-31T08:40:17+00:00\" \/>\n<meta property=\"og:image\" content=\"https:\/\/www.stravigo.be\/wp-content\/uploads\/2016\/09\/Screen-Shot-2016-09-25-at-18.39.25-300x291.png\" \/>\n<meta name=\"twitter:card\" content=\"summary_large_image\" \/>\n<script type=\"application\/ld+json\" class=\"yoast-schema-graph\">{\"@context\":\"https:\\\/\\\/schema.org\",\"@graph\":[{\"@type\":\"WebPage\",\"@id\":\"https:\\\/\\\/www.stravigo.be\\\/fr\\\/sineks-schema\\\/what\\\/\",\"url\":\"https:\\\/\\\/www.stravigo.be\\\/fr\\\/sineks-schema\\\/what\\\/\",\"name\":\"What - Stravigo\",\"isPartOf\":{\"@id\":\"https:\\\/\\\/www.stravigo.be\\\/fr\\\/#website\"},\"primaryImageOfPage\":{\"@id\":\"https:\\\/\\\/www.stravigo.be\\\/fr\\\/sineks-schema\\\/what\\\/#primaryimage\"},\"image\":{\"@id\":\"https:\\\/\\\/www.stravigo.be\\\/fr\\\/sineks-schema\\\/what\\\/#primaryimage\"},\"thumbnailUrl\":\"https:\\\/\\\/www.stravigo.be\\\/wp-content\\\/uploads\\\/2016\\\/09\\\/Screen-Shot-2016-09-25-at-18.39.25-300x291.png\",\"datePublished\":\"2015-04-16T09:11:57+00:00\",\"dateModified\":\"2019-05-31T08:40:17+00:00\",\"description\":\"Stravigo accompagne les organisations, les \u00e9quipes et les particuliers \u00e0 aligner ce qu\u2019ils pensent, ressentent et souhaitent, pour plus de sens et d\u2019impact.\",\"breadcrumb\":{\"@id\":\"https:\\\/\\\/www.stravigo.be\\\/fr\\\/sineks-schema\\\/what\\\/#breadcrumb\"},\"inLanguage\":\"fr-FR\",\"potentialAction\":[{\"@type\":\"ReadAction\",\"target\":[\"https:\\\/\\\/www.stravigo.be\\\/fr\\\/sineks-schema\\\/what\\\/\"]}]},{\"@type\":\"ImageObject\",\"inLanguage\":\"fr-FR\",\"@id\":\"https:\\\/\\\/www.stravigo.be\\\/fr\\\/sineks-schema\\\/what\\\/#primaryimage\",\"url\":\"https:\\\/\\\/www.stravigo.be\\\/wp-content\\\/uploads\\\/2016\\\/09\\\/Screen-Shot-2016-09-25-at-18.39.25-300x291.png\",\"contentUrl\":\"https:\\\/\\\/www.stravigo.be\\\/wp-content\\\/uploads\\\/2016\\\/09\\\/Screen-Shot-2016-09-25-at-18.39.25-300x291.png\"},{\"@type\":\"BreadcrumbList\",\"@id\":\"https:\\\/\\\/www.stravigo.be\\\/fr\\\/sineks-schema\\\/what\\\/#breadcrumb\",\"itemListElement\":[{\"@type\":\"ListItem\",\"position\":1,\"name\":\"Home\",\"item\":\"https:\\\/\\\/www.stravigo.be\\\/fr\\\/\"},{\"@type\":\"ListItem\",\"position\":2,\"name\":\"Sinek&rsquo;s Schema\",\"item\":\"https:\\\/\\\/www.stravigo.be\\\/fr\\\/sineks-schema\\\/\"},{\"@type\":\"ListItem\",\"position\":3,\"name\":\"What\"}]},{\"@type\":\"WebSite\",\"@id\":\"https:\\\/\\\/www.stravigo.be\\\/fr\\\/#website\",\"url\":\"https:\\\/\\\/www.stravigo.be\\\/fr\\\/\",\"name\":\"Stravigo\",\"description\":\"\",\"potentialAction\":[{\"@type\":\"SearchAction\",\"target\":{\"@type\":\"EntryPoint\",\"urlTemplate\":\"https:\\\/\\\/www.stravigo.be\\\/fr\\\/search\\\/{search_term_string}\"},\"query-input\":{\"@type\":\"PropertyValueSpecification\",\"valueRequired\":true,\"valueName\":\"search_term_string\"}}],\"inLanguage\":\"fr-FR\"}]}<\/script>\n<!-- \/ Yoast SEO plugin. -->","yoast_head_json":{"title":"What - Stravigo","description":"Stravigo accompagne les organisations, les \u00e9quipes et les particuliers \u00e0 aligner ce qu\u2019ils pensent, ressentent et souhaitent, pour plus de sens et d\u2019impact.","robots":{"index":"index","follow":"follow","max-snippet":"max-snippet:-1","max-image-preview":"max-image-preview:large","max-video-preview":"max-video-preview:-1"},"canonical":"https:\/\/www.stravigo.be\/fr\/sineks-schema\/what\/","og_locale":"fr_FR","og_type":"article","og_title":"What - Stravigo","og_description":"Stravigo accompagne les organisations, les \u00e9quipes et les particuliers \u00e0 aligner ce qu\u2019ils pensent, ressentent et souhaitent, pour plus de sens et d\u2019impact.","og_url":"https:\/\/www.stravigo.be\/fr\/sineks-schema\/what\/","og_site_name":"Stravigo","article_modified_time":"2019-05-31T08:40:17+00:00","og_image":[{"url":"https:\/\/www.stravigo.be\/wp-content\/uploads\/2016\/09\/Screen-Shot-2016-09-25-at-18.39.25-300x291.png","type":"","width":"","height":""}],"twitter_card":"summary_large_image","schema":{"@context":"https:\/\/schema.org","@graph":[{"@type":"WebPage","@id":"https:\/\/www.stravigo.be\/fr\/sineks-schema\/what\/","url":"https:\/\/www.stravigo.be\/fr\/sineks-schema\/what\/","name":"What - Stravigo","isPartOf":{"@id":"https:\/\/www.stravigo.be\/fr\/#website"},"primaryImageOfPage":{"@id":"https:\/\/www.stravigo.be\/fr\/sineks-schema\/what\/#primaryimage"},"image":{"@id":"https:\/\/www.stravigo.be\/fr\/sineks-schema\/what\/#primaryimage"},"thumbnailUrl":"https:\/\/www.stravigo.be\/wp-content\/uploads\/2016\/09\/Screen-Shot-2016-09-25-at-18.39.25-300x291.png","datePublished":"2015-04-16T09:11:57+00:00","dateModified":"2019-05-31T08:40:17+00:00","description":"Stravigo accompagne les organisations, les \u00e9quipes et les particuliers \u00e0 aligner ce qu\u2019ils pensent, ressentent et souhaitent, pour plus de sens et d\u2019impact.","breadcrumb":{"@id":"https:\/\/www.stravigo.be\/fr\/sineks-schema\/what\/#breadcrumb"},"inLanguage":"fr-FR","potentialAction":[{"@type":"ReadAction","target":["https:\/\/www.stravigo.be\/fr\/sineks-schema\/what\/"]}]},{"@type":"ImageObject","inLanguage":"fr-FR","@id":"https:\/\/www.stravigo.be\/fr\/sineks-schema\/what\/#primaryimage","url":"https:\/\/www.stravigo.be\/wp-content\/uploads\/2016\/09\/Screen-Shot-2016-09-25-at-18.39.25-300x291.png","contentUrl":"https:\/\/www.stravigo.be\/wp-content\/uploads\/2016\/09\/Screen-Shot-2016-09-25-at-18.39.25-300x291.png"},{"@type":"BreadcrumbList","@id":"https:\/\/www.stravigo.be\/fr\/sineks-schema\/what\/#breadcrumb","itemListElement":[{"@type":"ListItem","position":1,"name":"Home","item":"https:\/\/www.stravigo.be\/fr\/"},{"@type":"ListItem","position":2,"name":"Sinek&rsquo;s Schema","item":"https:\/\/www.stravigo.be\/fr\/sineks-schema\/"},{"@type":"ListItem","position":3,"name":"What"}]},{"@type":"WebSite","@id":"https:\/\/www.stravigo.be\/fr\/#website","url":"https:\/\/www.stravigo.be\/fr\/","name":"Stravigo","description":"","potentialAction":[{"@type":"SearchAction","target":{"@type":"EntryPoint","urlTemplate":"https:\/\/www.stravigo.be\/fr\/search\/{search_term_string}"},"query-input":{"@type":"PropertyValueSpecification","valueRequired":true,"valueName":"search_term_string"}}],"inLanguage":"fr-FR"}]}},"_links":{"self":[{"href":"https:\/\/www.stravigo.be\/fr\/wp-json\/wp\/v2\/pages\/16","targetHints":{"allow":["GET"]}}],"collection":[{"href":"https:\/\/www.stravigo.be\/fr\/wp-json\/wp\/v2\/pages"}],"about":[{"href":"https:\/\/www.stravigo.be\/fr\/wp-json\/wp\/v2\/types\/page"}],"author":[{"embeddable":true,"href":"https:\/\/www.stravigo.be\/fr\/wp-json\/wp\/v2\/users\/1"}],"replies":[{"embeddable":true,"href":"https:\/\/www.stravigo.be\/fr\/wp-json\/wp\/v2\/comments?post=16"}],"version-history":[{"count":23,"href":"https:\/\/www.stravigo.be\/fr\/wp-json\/wp\/v2\/pages\/16\/revisions"}],"predecessor-version":[{"id":1036,"href":"https:\/\/www.stravigo.be\/fr\/wp-json\/wp\/v2\/pages\/16\/revisions\/1036"}],"up":[{"embeddable":true,"href":"https:\/\/www.stravigo.be\/fr\/wp-json\/wp\/v2\/pages\/243"}],"wp:attachment":[{"href":"https:\/\/www.stravigo.be\/fr\/wp-json\/wp\/v2\/media?parent=16"}],"curies":[{"name":"wp","href":"https:\/\/api.w.org\/{rel}","templated":true}]}}