{"id":245,"date":"2015-04-16T10:12:07","date_gmt":"2015-04-16T09:12:07","guid":{"rendered":"https:\/\/www.stravigo.be\/sineks-schema\/how\/"},"modified":"2016-10-01T11:48:21","modified_gmt":"2016-10-01T09:48:21","slug":"how","status":"publish","type":"page","link":"https:\/\/www.stravigo.be\/fr\/sineks-schema\/how\/","title":{"rendered":"How"},"content":{"rendered":"<p style=\"text-align: center;\"><em style=\"color: #4abfdc; font-family: Raleway, sans-serif; font-size: 24px; font-weight: bold;\"><strong>\u00ab\u00a0Ensemble, par la co-construction de solutions, nous b\u00e2tissons le pont sur lequel nous marchons.\u00a0\u00bb<\/strong><\/em><\/p>\n<p>&nbsp;<\/p>\n<p style=\"text-align: center;\"><strong>Une approche orient\u00e9e \u2018potentiel\u2019 plut\u00f4t que \u2018probl\u00e8me\u2019.<\/strong><\/p>\n<p style=\"text-align: center;\">Quel que soit le niveau d\u2019intervention &#8211; organisation, \u00e9quipe ou individu &#8211; Stravigo s\u2019appuie toujours sur les forces et les talents pr\u00e9sents. A chaque fois, nous partons de ce qui est pour voir ce qui demande \u00e0 \u00e9merger.<\/p>\n<p style=\"text-align: center;\">Notre approche favorise la cr\u00e9ation d\u2019un environnement stimulant et \u00e9panouissant qui donne envie de donner le meilleur de soi-m\u00eame.<\/p>\n<p style=\"text-align: center;\"><strong>Des individus reconnus pour qui ils sont au-del\u00e0 de ce qu\u2019ils font.<\/strong><\/p>\n<p style=\"text-align: center;\">Notre premi\u00e8re d\u00e9marche consiste \u00e0 faire prendre conscience des forces pr\u00e9sentes. Conna\u00eetre et reconna\u00eetre les talents, l\u2019unicit\u00e9 de chacun et la valeur ajout\u00e9e des diff\u00e9rences et polarit\u00e9s.<\/p>\n<p style=\"text-align: center;\">Pour cela, l\u2019\u00e9tablissement d\u2019un climat de confiance est capital afin de pouvoir aborder les vrais sujets en toute transparence, sans tabous.<\/p>\n<p style=\"text-align: center;\">Nous pouvons ainsi identifier les besoins individuels et collectifs pour activer le potentiel de d\u00e9veloppement.<\/p>\n<p style=\"text-align: center;\">Nous nous appuyons sur ces forces\/talents pour <strong>co-cr\u00e9er des solutions<\/strong> pragmatiques, \u00e0 forte valeur ajout\u00e9e.<\/p>\n<p style=\"text-align: center;\">Cette approche syst\u00e9mique, valorisante, permet de reconna\u00eetre chaque individu pour qui il est, au del\u00e0 de ce qu\u2019il fait.<\/p>\n<p style=\"text-align: center;\">Chez Stravigo, nous voulons des <strong>r\u00e9sultats tangibles et durables <\/strong>en d\u00e9veloppant l\u2019autonomie de chaque individu et la mani\u00e8re de travailler ensemble.<\/p>\n<p style=\"text-align: center;\">Loin du changement superficiel, nous nous concentrons sur une transformation source de force et d\u2019\u00e9nergie pour toutes les parties concern\u00e9es. Des changements au niveau des valeurs et des relations qui s\u2019inscrivent dans l\u2019ADN de l\u2019organisation.<\/p>\n<p style=\"text-align: center;\">Dans un premier temps il est essentiel que le management adh\u00e8re \u00e0 l\u2019approche et s\u2019engage enti\u00e8rement dans la d\u00e9marche. Il sera l\u2019exemple des principes pr\u00f4n\u00e9s. Nous servons de guide, toujours accueillant, parfois confrontant. Ce chemin, nous le parcourons <strong>ensemble et l\u2019\u00e9laborons pas \u00e0 pas.<\/strong><\/p>\n<p style=\"text-align: center;\"><strong>Responsabiliser chaque individu.<\/strong><\/p>\n<p style=\"text-align: center;\"><strong>\u00a0<\/strong>Mettre les personnes, les \u00e9quipes, les organisations dans leur force, signifie que chacun est acteur de sa vie et de ses choix.<\/p>\n<p style=\"text-align: center;\">Donner la libert\u00e9 \u00e0 chaque individu n\u00e9cessite qu\u2019il ait les capacit\u00e9s de responsabilit\u00e9 et d\u2019autonomie que cela implique. Nos coachings et formations visent \u00e0 accompagner les personnes et les organisations dans ce processus d\u2019\u00e9volution.<\/p>\n","protected":false},"excerpt":{"rendered":"<p>\u00ab\u00a0Ensemble, par la co-construction de solutions, nous b\u00e2tissons le pont sur lequel nous marchons.\u00a0\u00bb &nbsp; Une approche orient\u00e9e \u2018potentiel\u2019 plut\u00f4t&nbsp;&hellip;<\/p>\n","protected":false},"author":1,"featured_media":0,"parent":243,"menu_order":17,"comment_status":"closed","ping_status":"closed","template":"my_templates\/schema_sinek.php","meta":{"_acf_changed":false,"footnotes":""},"class_list":["post-245","page","type-page","status-publish","hentry"],"acf":[],"yoast_head":"<!-- This site is optimized with the Yoast SEO plugin v27.5 - https:\/\/yoast.com\/product\/yoast-seo-wordpress\/ -->\n<title>How - Stravigo<\/title>\n<meta name=\"robots\" content=\"index, follow, max-snippet:-1, max-image-preview:large, max-video-preview:-1\" \/>\n<link rel=\"canonical\" href=\"https:\/\/www.stravigo.be\/fr\/sineks-schema\/how\/\" \/>\n<meta property=\"og:locale\" content=\"fr_FR\" \/>\n<meta property=\"og:type\" content=\"article\" \/>\n<meta property=\"og:title\" content=\"How - Stravigo\" \/>\n<meta property=\"og:description\" content=\"\u00ab\u00a0Ensemble, par la co-construction de solutions, nous b\u00e2tissons le pont sur lequel nous marchons.\u00a0\u00bb &nbsp; Une approche orient\u00e9e \u2018potentiel\u2019 plut\u00f4t&nbsp;&hellip;\" \/>\n<meta property=\"og:url\" content=\"https:\/\/www.stravigo.be\/fr\/sineks-schema\/how\/\" \/>\n<meta property=\"og:site_name\" content=\"Stravigo\" \/>\n<meta property=\"article:modified_time\" content=\"2016-10-01T09:48:21+00:00\" \/>\n<meta name=\"twitter:card\" content=\"summary_large_image\" \/>\n<meta name=\"twitter:label1\" content=\"Dur\u00e9e de lecture estim\u00e9e\" \/>\n\t<meta name=\"twitter:data1\" content=\"2 minutes\" \/>\n<script type=\"application\/ld+json\" class=\"yoast-schema-graph\">{\"@context\":\"https:\\\/\\\/schema.org\",\"@graph\":[{\"@type\":\"WebPage\",\"@id\":\"https:\\\/\\\/www.stravigo.be\\\/fr\\\/sineks-schema\\\/how\\\/\",\"url\":\"https:\\\/\\\/www.stravigo.be\\\/fr\\\/sineks-schema\\\/how\\\/\",\"name\":\"How - Stravigo\",\"isPartOf\":{\"@id\":\"https:\\\/\\\/www.stravigo.be\\\/fr\\\/#website\"},\"datePublished\":\"2015-04-16T09:12:07+00:00\",\"dateModified\":\"2016-10-01T09:48:21+00:00\",\"breadcrumb\":{\"@id\":\"https:\\\/\\\/www.stravigo.be\\\/fr\\\/sineks-schema\\\/how\\\/#breadcrumb\"},\"inLanguage\":\"fr-FR\",\"potentialAction\":[{\"@type\":\"ReadAction\",\"target\":[\"https:\\\/\\\/www.stravigo.be\\\/fr\\\/sineks-schema\\\/how\\\/\"]}]},{\"@type\":\"BreadcrumbList\",\"@id\":\"https:\\\/\\\/www.stravigo.be\\\/fr\\\/sineks-schema\\\/how\\\/#breadcrumb\",\"itemListElement\":[{\"@type\":\"ListItem\",\"position\":1,\"name\":\"Home\",\"item\":\"https:\\\/\\\/www.stravigo.be\\\/fr\\\/\"},{\"@type\":\"ListItem\",\"position\":2,\"name\":\"Sinek&rsquo;s Schema\",\"item\":\"https:\\\/\\\/www.stravigo.be\\\/fr\\\/sineks-schema\\\/\"},{\"@type\":\"ListItem\",\"position\":3,\"name\":\"How\"}]},{\"@type\":\"WebSite\",\"@id\":\"https:\\\/\\\/www.stravigo.be\\\/fr\\\/#website\",\"url\":\"https:\\\/\\\/www.stravigo.be\\\/fr\\\/\",\"name\":\"Stravigo\",\"description\":\"\",\"potentialAction\":[{\"@type\":\"SearchAction\",\"target\":{\"@type\":\"EntryPoint\",\"urlTemplate\":\"https:\\\/\\\/www.stravigo.be\\\/fr\\\/search\\\/{search_term_string}\"},\"query-input\":{\"@type\":\"PropertyValueSpecification\",\"valueRequired\":true,\"valueName\":\"search_term_string\"}}],\"inLanguage\":\"fr-FR\"}]}<\/script>\n<!-- \/ Yoast SEO plugin. -->","yoast_head_json":{"title":"How - Stravigo","robots":{"index":"index","follow":"follow","max-snippet":"max-snippet:-1","max-image-preview":"max-image-preview:large","max-video-preview":"max-video-preview:-1"},"canonical":"https:\/\/www.stravigo.be\/fr\/sineks-schema\/how\/","og_locale":"fr_FR","og_type":"article","og_title":"How - Stravigo","og_description":"\u00ab\u00a0Ensemble, par la co-construction de solutions, nous b\u00e2tissons le pont sur lequel nous marchons.\u00a0\u00bb &nbsp; Une approche orient\u00e9e \u2018potentiel\u2019 plut\u00f4t&nbsp;&hellip;","og_url":"https:\/\/www.stravigo.be\/fr\/sineks-schema\/how\/","og_site_name":"Stravigo","article_modified_time":"2016-10-01T09:48:21+00:00","twitter_card":"summary_large_image","twitter_misc":{"Dur\u00e9e de lecture estim\u00e9e":"2 minutes"},"schema":{"@context":"https:\/\/schema.org","@graph":[{"@type":"WebPage","@id":"https:\/\/www.stravigo.be\/fr\/sineks-schema\/how\/","url":"https:\/\/www.stravigo.be\/fr\/sineks-schema\/how\/","name":"How - Stravigo","isPartOf":{"@id":"https:\/\/www.stravigo.be\/fr\/#website"},"datePublished":"2015-04-16T09:12:07+00:00","dateModified":"2016-10-01T09:48:21+00:00","breadcrumb":{"@id":"https:\/\/www.stravigo.be\/fr\/sineks-schema\/how\/#breadcrumb"},"inLanguage":"fr-FR","potentialAction":[{"@type":"ReadAction","target":["https:\/\/www.stravigo.be\/fr\/sineks-schema\/how\/"]}]},{"@type":"BreadcrumbList","@id":"https:\/\/www.stravigo.be\/fr\/sineks-schema\/how\/#breadcrumb","itemListElement":[{"@type":"ListItem","position":1,"name":"Home","item":"https:\/\/www.stravigo.be\/fr\/"},{"@type":"ListItem","position":2,"name":"Sinek&rsquo;s Schema","item":"https:\/\/www.stravigo.be\/fr\/sineks-schema\/"},{"@type":"ListItem","position":3,"name":"How"}]},{"@type":"WebSite","@id":"https:\/\/www.stravigo.be\/fr\/#website","url":"https:\/\/www.stravigo.be\/fr\/","name":"Stravigo","description":"","potentialAction":[{"@type":"SearchAction","target":{"@type":"EntryPoint","urlTemplate":"https:\/\/www.stravigo.be\/fr\/search\/{search_term_string}"},"query-input":{"@type":"PropertyValueSpecification","valueRequired":true,"valueName":"search_term_string"}}],"inLanguage":"fr-FR"}]}},"_links":{"self":[{"href":"https:\/\/www.stravigo.be\/fr\/wp-json\/wp\/v2\/pages\/245","targetHints":{"allow":["GET"]}}],"collection":[{"href":"https:\/\/www.stravigo.be\/fr\/wp-json\/wp\/v2\/pages"}],"about":[{"href":"https:\/\/www.stravigo.be\/fr\/wp-json\/wp\/v2\/types\/page"}],"author":[{"embeddable":true,"href":"https:\/\/www.stravigo.be\/fr\/wp-json\/wp\/v2\/users\/1"}],"replies":[{"embeddable":true,"href":"https:\/\/www.stravigo.be\/fr\/wp-json\/wp\/v2\/comments?post=245"}],"version-history":[{"count":10,"href":"https:\/\/www.stravigo.be\/fr\/wp-json\/wp\/v2\/pages\/245\/revisions"}],"predecessor-version":[{"id":614,"href":"https:\/\/www.stravigo.be\/fr\/wp-json\/wp\/v2\/pages\/245\/revisions\/614"}],"up":[{"embeddable":true,"href":"https:\/\/www.stravigo.be\/fr\/wp-json\/wp\/v2\/pages\/243"}],"wp:attachment":[{"href":"https:\/\/www.stravigo.be\/fr\/wp-json\/wp\/v2\/media?parent=245"}],"curies":[{"name":"wp","href":"https:\/\/api.w.org\/{rel}","templated":true}]}}