{"id":249,"date":"2015-04-16T10:12:16","date_gmt":"2015-04-16T09:12:16","guid":{"rendered":"https:\/\/www.stravigo.be\/sineks-schema\/why\/"},"modified":"2016-10-24T08:59:05","modified_gmt":"2016-10-24T06:59:05","slug":"why","status":"publish","type":"page","link":"https:\/\/www.stravigo.be\/fr\/sineks-schema\/why\/","title":{"rendered":"Why"},"content":{"rendered":"<p style=\"text-align: center;\"><em style=\"color: #4abfdc; font-family: Raleway, sans-serif; font-size: 24px; font-weight: bold;\"><strong>\u00ab\u00a0Nous pensons qu\u2019il faut changer notre fa\u00e7on de travailler ensemble pour obtenir des r\u00e9sultats durable\u00a0\u00bb<\/strong><\/em><\/p>\n<p style=\"text-align: center;\">Chaque individu a un potentiel unique et une capacit\u00e9 \u00e0 d\u00e9velopper ses talents, pour autant qu\u2019ils soient reconnus.<\/p>\n<p style=\"text-align: center;\">La mise en oeuvre de son talent est source de bonheur au travail. Des collaborateurs heureux et engag\u00e9s sont un facteur cl\u00e9 de performance et de croissance.<\/p>\n<p style=\"text-align: center;\">L\u2019intelligence collective est une ressource fabuleuse, pour peu qu\u2019on la laisse s\u2019exprimer. Elle est pr\u00e9sente partout et constitue un atout majeur de d\u00e9veloppement personnel et organisationnel.<\/p>\n<p style=\"text-align: center;\">Le changement doit \u00eatre co-construit par toutes les parties impact\u00e9es et doit produire de la valeur au b\u00e9n\u00e9fice de tous (tant dans l\u2019organisation qu\u2019au niveau de la soci\u00e9t\u00e9 en g\u00e9n\u00e9ral). Ce n\u2019est qu\u2019alors qu\u2019il pourra v\u00e9ritablement \u00eatre port\u00e9 par l\u2019ensemble des acteurs et devenir durable.<\/p>\n<p style=\"text-align: center;\">Toute organisation ne peut \u00eatre envisag\u00e9e que comme un organisme vivant, en interaction et en \u00e9volution permanente.<\/p>\n<p style=\"text-align: center;\">Si vous r\u00eavez d\u2019un monde ou les individus et l\u2019organisation forment un \u00e9cosyst\u00e8me, parlons-nous\u00a0! Nous serons ravis de co-cr\u00e9er votre futur!<\/p>\n","protected":false},"excerpt":{"rendered":"<p>\u00ab\u00a0Nous pensons qu\u2019il faut changer notre fa\u00e7on de travailler ensemble pour obtenir des r\u00e9sultats durable\u00a0\u00bb Chaque individu a un potentiel&nbsp;&hellip;<\/p>\n","protected":false},"author":1,"featured_media":0,"parent":243,"menu_order":31,"comment_status":"closed","ping_status":"closed","template":"my_templates\/schema_sinek.php","meta":{"_acf_changed":false,"footnotes":""},"class_list":["post-249","page","type-page","status-publish","hentry"],"acf":[],"yoast_head":"<!-- This site is optimized with the Yoast SEO plugin v27.4 - https:\/\/yoast.com\/product\/yoast-seo-wordpress\/ -->\n<title>Why - Stravigo<\/title>\n<meta name=\"robots\" content=\"index, follow, max-snippet:-1, max-image-preview:large, max-video-preview:-1\" \/>\n<link rel=\"canonical\" href=\"https:\/\/www.stravigo.be\/fr\/sineks-schema\/why\/\" \/>\n<meta property=\"og:locale\" content=\"fr_FR\" \/>\n<meta property=\"og:type\" content=\"article\" \/>\n<meta property=\"og:title\" content=\"Why - Stravigo\" \/>\n<meta property=\"og:description\" content=\"\u00ab\u00a0Nous pensons qu\u2019il faut changer notre fa\u00e7on de travailler ensemble pour obtenir des r\u00e9sultats durable\u00a0\u00bb Chaque individu a un potentiel&nbsp;&hellip;\" \/>\n<meta property=\"og:url\" content=\"https:\/\/www.stravigo.be\/fr\/sineks-schema\/why\/\" \/>\n<meta property=\"og:site_name\" content=\"Stravigo\" \/>\n<meta property=\"article:modified_time\" content=\"2016-10-24T06:59:05+00:00\" \/>\n<meta name=\"twitter:card\" content=\"summary_large_image\" \/>\n<meta name=\"twitter:label1\" content=\"Dur\u00e9e de lecture estim\u00e9e\" \/>\n\t<meta name=\"twitter:data1\" content=\"1 minute\" \/>\n<script type=\"application\/ld+json\" class=\"yoast-schema-graph\">{\"@context\":\"https:\\\/\\\/schema.org\",\"@graph\":[{\"@type\":\"WebPage\",\"@id\":\"https:\\\/\\\/www.stravigo.be\\\/fr\\\/sineks-schema\\\/why\\\/\",\"url\":\"https:\\\/\\\/www.stravigo.be\\\/fr\\\/sineks-schema\\\/why\\\/\",\"name\":\"Why - Stravigo\",\"isPartOf\":{\"@id\":\"https:\\\/\\\/www.stravigo.be\\\/fr\\\/#website\"},\"datePublished\":\"2015-04-16T09:12:16+00:00\",\"dateModified\":\"2016-10-24T06:59:05+00:00\",\"breadcrumb\":{\"@id\":\"https:\\\/\\\/www.stravigo.be\\\/fr\\\/sineks-schema\\\/why\\\/#breadcrumb\"},\"inLanguage\":\"fr-FR\",\"potentialAction\":[{\"@type\":\"ReadAction\",\"target\":[\"https:\\\/\\\/www.stravigo.be\\\/fr\\\/sineks-schema\\\/why\\\/\"]}]},{\"@type\":\"BreadcrumbList\",\"@id\":\"https:\\\/\\\/www.stravigo.be\\\/fr\\\/sineks-schema\\\/why\\\/#breadcrumb\",\"itemListElement\":[{\"@type\":\"ListItem\",\"position\":1,\"name\":\"Home\",\"item\":\"https:\\\/\\\/www.stravigo.be\\\/fr\\\/\"},{\"@type\":\"ListItem\",\"position\":2,\"name\":\"Sinek&rsquo;s Schema\",\"item\":\"https:\\\/\\\/www.stravigo.be\\\/fr\\\/sineks-schema\\\/\"},{\"@type\":\"ListItem\",\"position\":3,\"name\":\"Why\"}]},{\"@type\":\"WebSite\",\"@id\":\"https:\\\/\\\/www.stravigo.be\\\/fr\\\/#website\",\"url\":\"https:\\\/\\\/www.stravigo.be\\\/fr\\\/\",\"name\":\"Stravigo\",\"description\":\"\",\"potentialAction\":[{\"@type\":\"SearchAction\",\"target\":{\"@type\":\"EntryPoint\",\"urlTemplate\":\"https:\\\/\\\/www.stravigo.be\\\/fr\\\/search\\\/{search_term_string}\"},\"query-input\":{\"@type\":\"PropertyValueSpecification\",\"valueRequired\":true,\"valueName\":\"search_term_string\"}}],\"inLanguage\":\"fr-FR\"}]}<\/script>\n<!-- \/ Yoast SEO plugin. -->","yoast_head_json":{"title":"Why - Stravigo","robots":{"index":"index","follow":"follow","max-snippet":"max-snippet:-1","max-image-preview":"max-image-preview:large","max-video-preview":"max-video-preview:-1"},"canonical":"https:\/\/www.stravigo.be\/fr\/sineks-schema\/why\/","og_locale":"fr_FR","og_type":"article","og_title":"Why - Stravigo","og_description":"\u00ab\u00a0Nous pensons qu\u2019il faut changer notre fa\u00e7on de travailler ensemble pour obtenir des r\u00e9sultats durable\u00a0\u00bb Chaque individu a un potentiel&nbsp;&hellip;","og_url":"https:\/\/www.stravigo.be\/fr\/sineks-schema\/why\/","og_site_name":"Stravigo","article_modified_time":"2016-10-24T06:59:05+00:00","twitter_card":"summary_large_image","twitter_misc":{"Dur\u00e9e de lecture estim\u00e9e":"1 minute"},"schema":{"@context":"https:\/\/schema.org","@graph":[{"@type":"WebPage","@id":"https:\/\/www.stravigo.be\/fr\/sineks-schema\/why\/","url":"https:\/\/www.stravigo.be\/fr\/sineks-schema\/why\/","name":"Why - Stravigo","isPartOf":{"@id":"https:\/\/www.stravigo.be\/fr\/#website"},"datePublished":"2015-04-16T09:12:16+00:00","dateModified":"2016-10-24T06:59:05+00:00","breadcrumb":{"@id":"https:\/\/www.stravigo.be\/fr\/sineks-schema\/why\/#breadcrumb"},"inLanguage":"fr-FR","potentialAction":[{"@type":"ReadAction","target":["https:\/\/www.stravigo.be\/fr\/sineks-schema\/why\/"]}]},{"@type":"BreadcrumbList","@id":"https:\/\/www.stravigo.be\/fr\/sineks-schema\/why\/#breadcrumb","itemListElement":[{"@type":"ListItem","position":1,"name":"Home","item":"https:\/\/www.stravigo.be\/fr\/"},{"@type":"ListItem","position":2,"name":"Sinek&rsquo;s Schema","item":"https:\/\/www.stravigo.be\/fr\/sineks-schema\/"},{"@type":"ListItem","position":3,"name":"Why"}]},{"@type":"WebSite","@id":"https:\/\/www.stravigo.be\/fr\/#website","url":"https:\/\/www.stravigo.be\/fr\/","name":"Stravigo","description":"","potentialAction":[{"@type":"SearchAction","target":{"@type":"EntryPoint","urlTemplate":"https:\/\/www.stravigo.be\/fr\/search\/{search_term_string}"},"query-input":{"@type":"PropertyValueSpecification","valueRequired":true,"valueName":"search_term_string"}}],"inLanguage":"fr-FR"}]}},"_links":{"self":[{"href":"https:\/\/www.stravigo.be\/fr\/wp-json\/wp\/v2\/pages\/249","targetHints":{"allow":["GET"]}}],"collection":[{"href":"https:\/\/www.stravigo.be\/fr\/wp-json\/wp\/v2\/pages"}],"about":[{"href":"https:\/\/www.stravigo.be\/fr\/wp-json\/wp\/v2\/types\/page"}],"author":[{"embeddable":true,"href":"https:\/\/www.stravigo.be\/fr\/wp-json\/wp\/v2\/users\/1"}],"replies":[{"embeddable":true,"href":"https:\/\/www.stravigo.be\/fr\/wp-json\/wp\/v2\/comments?post=249"}],"version-history":[{"count":8,"href":"https:\/\/www.stravigo.be\/fr\/wp-json\/wp\/v2\/pages\/249\/revisions"}],"predecessor-version":[{"id":662,"href":"https:\/\/www.stravigo.be\/fr\/wp-json\/wp\/v2\/pages\/249\/revisions\/662"}],"up":[{"embeddable":true,"href":"https:\/\/www.stravigo.be\/fr\/wp-json\/wp\/v2\/pages\/243"}],"wp:attachment":[{"href":"https:\/\/www.stravigo.be\/fr\/wp-json\/wp\/v2\/media?parent=249"}],"curies":[{"name":"wp","href":"https:\/\/api.w.org\/{rel}","templated":true}]}}